{"id":5179,"date":"2020-02-14T09:45:14","date_gmt":"2020-02-14T12:45:14","guid":{"rendered":"https:\/\/www.nachodelatorre.com.ar\/mosconi\/?page_id=5179"},"modified":"2021-05-18T09:37:13","modified_gmt":"2021-05-18T12:37:13","slug":"mision-y-funcion","status":"publish","type":"page","link":"https:\/\/www.fie.undef.edu.ar\/ceptm\/?page_id=5179","title":{"rendered":"Misi\u00f3n y Funciones"},"content":{"rendered":"<h5><img loading=\"lazy\" class=\"alignright size-full wp-image-5189\" src=\"https:\/\/www.fie.undef.edu.ar\/ceptm\/wp-content\/uploads\/2020\/02\/grlmosconi.jpg\" alt=\"\" width=\"280\" height=\"360\" srcset=\"https:\/\/www.fie.undef.edu.ar\/ceptm\/wp-content\/uploads\/2020\/02\/grlmosconi.jpg 280w, https:\/\/www.fie.undef.edu.ar\/ceptm\/wp-content\/uploads\/2020\/02\/grlmosconi-233x300.jpg 233w\" sizes=\"(max-width: 280px) 100vw, 280px\" \/><strong>MISI\u00d3N<\/strong><\/h5>\n<p>Identificar las tendencias, avances y retos tecnol\u00f3gicos de naturaleza militar y las necesidades que surjan de los objetivos de la UNDEF y de la FIE, para generar conocimiento espec\u00edfico que contribuya a orientar los esfuerzos en planificaci\u00f3n, gesti\u00f3n de proyectos y gesti\u00f3n del conocimiento, a trav\u00e9s de la Vigilancia Tecnol\u00f3gica e Inteligencia Estrat\u00e9gica y de investigaciones prospectivas sobre la tecnolog\u00eda y los sistemas de armas, en las \u00e1reas de capacidades militares:<\/p>\n<ul>\n<li>Comando y Control.<\/li>\n<li>Movilidad T\u00e1ctica y Estrat\u00e9gica.<\/li>\n<li>Reconocimiento e Inteligencia.<\/li>\n<li>Sost\u00e9n Log\u00edstico Fijo y M\u00f3vil.<\/li>\n<li>Operaciones y Misiones Subsidiarias.<\/li>\n<\/ul>\n<h5><strong>FUNCIONES<\/strong><\/h5>\n<p><strong>Entender en: <\/strong><\/p>\n<ul>\n<li>La gesti\u00f3n del Centro de acuerdo con la legislaci\u00f3n vigente, orientado por el Proyecto Educativo Institucional de la UNDEF, las normas y directivas de la FIE y las que puedan surgir a trav\u00e9s del Consejo Directivo del Centro.<\/li>\n<li>La gesti\u00f3n de la Antena Territorial de Defensa y Seguridad creada con el apoyo del Programa Nacional de Vigilancia Tecnol\u00f3gica e Inteligencia Competitiva (VINTEC) de la Subsecretar\u00eda de Estudios y Prospectiva del Ministerio de Ciencia y Tecnolog\u00eda (Min C y T), a trav\u00e9s de la cual se articulan una serie de Observatorios Tecnol\u00f3gicos que desarrollan productos y servicios de Vigilancia Tecnol\u00f3gica e Inteligencia Estrat\u00e9gica (VT e IE) espec\u00edfica.<\/li>\n<li>La realizaci\u00f3n de estudios prospectivos de tecnolog\u00eda militar, y vigilancia tecnol\u00f3gica.<\/li>\n<li>La difusi\u00f3n de los trabajos resultantes.<\/li>\n<li>La conformaci\u00f3n de Observatorios Tecnol\u00f3gicos, a partir de propuestas y convenios suscriptos por la FIE, y el cierre o suspensi\u00f3n de los mismos.<\/li>\n<li>La planificaci\u00f3n, desarrollo y ejecuci\u00f3n de un plan anual de acciones y estudios.<\/li>\n<li>La representaci\u00f3n de la FIE en eventos acad\u00e9micos vinculados a la tem\u00e1tica.<\/li>\n<li>La realizaci\u00f3n y\/o participaci\u00f3n en proyectos de I+D.<\/li>\n<li>La generaci\u00f3n de una base de conocimiento sobre futuros posibles, y el desarrollo de un sistema que permita gestionar el conocimiento espec\u00edfico.<\/li>\n<li>La implementaci\u00f3n y mantenimiento de una base de expertos y especialistas en tecnolog\u00edas aplicadas a la defensa y sobre los objetos de estudio de inter\u00e9s del CEPTM.<\/li>\n<li>La promoci\u00f3n y difusi\u00f3n de las herramientas de Vigilancia Tecnol\u00f3gica e Inteligencia Estrat\u00e9gica, y de prospectiva como insumo del Planeamiento Estrat\u00e9gico tanto en el \u00e1mbito Acad\u00e9mico como en Instituciones y Organismos de la Defensa y la Seguridad.<\/li>\n<li>La Capacitaci\u00f3n sobre Vigilancia Tecnol\u00f3gica y sus herramientas tecnol\u00f3gicas de uso com\u00fan, en el \u00e1mbito de la Antena Territorial.<\/li>\n<\/ul>\n<p><strong>Intervenir en: <\/strong><\/p>\n<ul>\n<li>La b\u00fasqueda e incorporaci\u00f3n de analistas, expertos, especialistas y colaboradores id\u00f3neos, as\u00ed como observadores tecnol\u00f3gicos con orientaci\u00f3n en la tem\u00e1tica especifica.<\/li>\n<li>El cumplimiento de est\u00e1ndares de VT e IE definidos por el CEPTM para el conjunto de OT de la Antena Territorial.<\/li>\n<\/ul>\n<p><strong>Participar en: <\/strong><\/p>\n<ul>\n<li>La actualizaci\u00f3n de los planes de estudio y en propuestas para la definici\u00f3n de las materias que otorgan especificidad a las carreras de ingenier\u00eda y posgrados.<\/li>\n<li>La organizaci\u00f3n de jornadas, seminarios, talleres y cursos de actualizaci\u00f3n, vinculados con las tem\u00e1ticas que tratan los observatorios tecnol\u00f3gicos.<\/li>\n<li>El establecimiento de relaciones acad\u00e9micas con personalidades, instituciones y organismos p\u00fablicos o privados, con bancos de expertos y especialistas y con otros de conocimiento espec\u00edfico, que permitan alcanzar acuerdos de cooperaci\u00f3n y\/o convenios interinstitucionales.<\/li>\n<\/ul>\n","protected":false},"excerpt":{"rendered":"<p>MISI\u00d3N Identificar las tendencias, avances y retos tecnol\u00f3gicos de naturaleza militar y las necesidades que surjan de los objetivos de la UNDEF y de la&hellip; <\/p>\n","protected":false},"author":1,"featured_media":0,"parent":0,"menu_order":1,"comment_status":"closed","ping_status":"closed","template":"","meta":[],"_links":{"self":[{"href":"https:\/\/www.fie.undef.edu.ar\/ceptm\/index.php?rest_route=\/wp\/v2\/pages\/5179"}],"collection":[{"href":"https:\/\/www.fie.undef.edu.ar\/ceptm\/index.php?rest_route=\/wp\/v2\/pages"}],"about":[{"href":"https:\/\/www.fie.undef.edu.ar\/ceptm\/index.php?rest_route=\/wp\/v2\/types\/page"}],"author":[{"embeddable":true,"href":"https:\/\/www.fie.undef.edu.ar\/ceptm\/index.php?rest_route=\/wp\/v2\/users\/1"}],"replies":[{"embeddable":true,"href":"https:\/\/www.fie.undef.edu.ar\/ceptm\/index.php?rest_route=%2Fwp%2Fv2%2Fcomments&post=5179"}],"version-history":[{"count":1,"href":"https:\/\/www.fie.undef.edu.ar\/ceptm\/index.php?rest_route=\/wp\/v2\/pages\/5179\/revisions"}],"predecessor-version":[{"id":7790,"href":"https:\/\/www.fie.undef.edu.ar\/ceptm\/index.php?rest_route=\/wp\/v2\/pages\/5179\/revisions\/7790"}],"wp:attachment":[{"href":"https:\/\/www.fie.undef.edu.ar\/ceptm\/index.php?rest_route=%2Fwp%2Fv2%2Fmedia&parent=5179"}],"curies":[{"name":"wp","href":"https:\/\/api.w.org\/{rel}","templated":true}]}}