{"id":5203,"date":"2020-02-14T11:00:34","date_gmt":"2020-02-14T14:00:34","guid":{"rendered":"https:\/\/www.nachodelatorre.com.ar\/mosconi\/?page_id=5203"},"modified":"2020-02-14T11:59:11","modified_gmt":"2020-02-14T14:59:11","slug":"documentos-rectores","status":"publish","type":"page","link":"https:\/\/www.fie.undef.edu.ar\/ceptm\/?page_id=5203","title":{"rendered":"Documentos rectores"},"content":{"rendered":"\n<table id=\"tablepress-2\" class=\"tablepress tablepress-id-2\">\n<tbody class=\"row-hover\">\n<tr class=\"row-1 odd\">\n\t<td class=\"column-1\"><a href=\"https:\/\/www.fie.undef.edu.ar\/ceptm\/wp-content\/uploads\/2020\/02\/Resolucion-CEPTM.pdf\" target=\"_blank\" rel=\"noopener noreferrer\"><img src=\"https:\/\/www.fie.undef.edu.ar\/ceptm\/wp-content\/uploads\/2020\/02\/icono-PDF-1.png\" title=\"Click para descargar\" width=\"40\" height=\"49\" class=\"alignnone size-full wp-image-5168\" \/><\/a><\/td><td class=\"column-2\">Resoluci\u00f3n de creaci\u00f3n del CEPTM.<\/td>\n<\/tr>\n<tr class=\"row-2 even\">\n\t<td class=\"column-1\"><a href=\"https:\/\/www.fie.undef.edu.ar\/ceptm\/wp-content\/uploads\/2020\/02\/reglamentoInterno.pdf\" target=\"_blank\" rel=\"noopener noreferrer\"><img src=\"https:\/\/www.fie.undef.edu.ar\/ceptm\/wp-content\/uploads\/2020\/02\/icono-PDF-1.png\" title=\"Click para descargar\" width=\"40\" height=\"49\" class=\"alignnone size-full wp-image-5168\" \/><\/a><\/td><td class=\"column-2\">Reglamento interno del CEPTM.<\/td>\n<\/tr>\n<tr class=\"row-3 odd\">\n\t<td class=\"column-1\"><a href=\"https:\/\/www.fie.undef.edu.ar\/ceptm\/wp-content\/uploads\/2020\/02\/ListadoTecnologiasAplicadasDefensa.pdf\" target=\"_blank\" rel=\"noopener noreferrer\"><img src=\"https:\/\/www.fie.undef.edu.ar\/ceptm\/wp-content\/uploads\/2020\/02\/icono-PDF-1.png\" title=\"Click para descargar\" width=\"40\" height=\"49\" class=\"alignnone size-full wp-image-5168\" \/><\/a><\/td><td class=\"column-2\">Tecnolog\u00edas y objetos de estudio relacionados con la Defensa.<\/td>\n<\/tr>\n<tr class=\"row-4 even\">\n\t<td class=\"column-1\"><a href=\"https:\/\/www.fie.undef.edu.ar\/ceptm\/wp-content\/uploads\/2021\/04\/AnexoTecnologiasyObjetosDeEstudioRelacionadosConLaDefensa.pdf\"><img src=\"https:\/\/www.fie.undef.edu.ar\/ceptm\/wp-content\/uploads\/2020\/02\/icono-PDF-1.png\" title=\"Click para descargar\" width=\"40\" height=\"49\" class=\"alignnone size-full wp-image-5168\" \/><\/a><\/td><td class=\"column-2\">Anexo al doc Tecnolog\u00edas y objetos de estudio relacionados con la Defensa.<\/td>\n<\/tr>\n<tr class=\"row-5 odd\">\n\t<td class=\"column-1\"><a href=\"https:\/\/www.fie.undef.edu.ar\/ceptm\/wp-content\/uploads\/2020\/02\/guiaNacional.pdf\" target=\"_blank\" rel=\"noopener noreferrer\"><img src=\"https:\/\/www.fie.undef.edu.ar\/ceptm\/wp-content\/uploads\/2020\/02\/icono-PDF-1.png\" title=\"Click para descargar\" width=\"40\" height=\"49\" class=\"alignnone size-full wp-image-5168\" \/><\/a><\/td><td class=\"column-2\">Gu\u00eda Nacional de Vigilancia Tecnol\u00f3gica e Inteligencia Estrat\u00e9gica.<\/td>\n<\/tr>\n<tr class=\"row-6 even\">\n\t<td class=\"column-1\"><a href=\"https:\/\/www.fie.undef.edu.ar\/ceptm\/wp-content\/uploads\/2020\/02\/manualProspectiva.pdf\" target=\"_blank\" rel=\"noopener noreferrer\"><img src=\"https:\/\/www.fie.undef.edu.ar\/ceptm\/wp-content\/uploads\/2020\/02\/icono-PDF-1.png\" title=\"Click para descargar\" width=\"40\" height=\"49\" class=\"alignnone size-full wp-image-5168\" \/><\/a><\/td><td class=\"column-2\">Manual de Prospectiva.<\/td>\n<\/tr>\n<tr class=\"row-7 odd\">\n\t<td class=\"column-1\"><a href=\"https:\/\/www.fie.undef.edu.ar\/ceptm\/wp-content\/uploads\/2020\/09\/certificacion.pdf\" target=\"_blank\" rel=\"noopener noreferrer\"><img src=\"https:\/\/www.fie.undef.edu.ar\/ceptm\/wp-content\/uploads\/2020\/02\/icono-PDF-1.png\" title=\"Click para descargar\" width=\"40\" height=\"49\" class=\"alignnone size-full wp-image-5168\" \/><\/a><\/td><td class=\"column-2\">Construcci\u00f3n de la Antena Territorial de Defensa y Seguridad \u2013 CERTIFICADO.<\/td>\n<\/tr>\n<tr class=\"row-8 even\">\n\t<td class=\"column-1\"><a href=\"https:\/\/www.fie.undef.edu.ar\/ceptm\/wp-content\/uploads\/2020\/09\/Guia_Proyecto-de-Creacion-Observatorios-Tecnologicos.pdf\" target=\"_blank\" rel=\"noopener noreferrer\"><img src=\"https:\/\/www.fie.undef.edu.ar\/ceptm\/wp-content\/uploads\/2020\/02\/icono-PDF-1.png\" title=\"Click para descargar\" width=\"40\" height=\"49\" class=\"alignnone size-full wp-image-5168\" \/><\/a><\/td><td class=\"column-2\">Norma para la creaci\u00f3n de Observatorios de VTeIE de la Antena Territorial de Defensa y Seguridad \u2013 CEPTM.<\/td>\n<\/tr>\n<tr class=\"row-9 odd\">\n\t<td class=\"column-1\"><a href=\"https:\/\/www.fie.undef.edu.ar\/ceptm\/wp-content\/uploads\/2020\/09\/informeUnidadVT.pdf\" target=\"_blank\" rel=\"noopener noreferrer\"><img src=\"https:\/\/www.fie.undef.edu.ar\/ceptm\/wp-content\/uploads\/2020\/02\/icono-PDF-1.png\" title=\"Click para descargar\" width=\"40\" height=\"49\" class=\"alignnone size-full wp-image-5168\" \/><\/a><\/td><td class=\"column-2\">Informe Unidad VT en el Sector Defensa y Seguridad.<\/td>\n<\/tr>\n<tr class=\"row-10 even\">\n\t<td class=\"column-1\"><a href=\"https:\/\/www.fie.undef.edu.ar\/ceptm\/wp-content\/uploads\/2024\/03\/RequisitosLlamandoCubrirVacantesObservadoresTecnologicos.pdf\" target=\"_blank\" rel=\"noopener noreferrer\"><img src=\"https:\/\/www.fie.undef.edu.ar\/ceptm\/wp-content\/uploads\/2020\/02\/icono-PDF-1.png\" title=\"Click para descargar\" width=\"40\" height=\"49\" class=\"alignnone size-full wp-image-5168\" \/><\/a ><\/td><td class=\"column-2\">Requisitos y llamando a cubrir vacantes para Observadores Tecnol\u00f3gicos CEPTM.<\/td>\n<\/tr>\n<tr class=\"row-11 odd\">\n\t<td class=\"column-1\"><a href=\"https:\/\/www.fie.undef.edu.ar\/ceptm\/wp-content\/uploads\/2021\/06\/CEPTM-Normas_Presentacion_de_Trabajos-2021.pdf\" target=\"_blank\" rel=\"noopener noreferrer\"><img src=\"https:\/\/www.fie.undef.edu.ar\/ceptm\/wp-content\/uploads\/2020\/02\/icono-PDF-1.png\" title=\"Click para descargar\" width=\"40\" height=\"49\" class=\"alignnone size-full wp-image-5168\" \/><\/a><\/td><td class=\"column-2\">Normas de Presentaci\u00f3n de Trabajos CEPTM.<\/td>\n<\/tr>\n<tr class=\"row-12 even\">\n\t<td class=\"column-1\"><a href=\"https:\/\/www.fie.undef.edu.ar\/ceptm\/wp-content\/uploads\/2020\/09\/mfd5105ii.pdf\" target=\"_blank\" rel=\"noopener noreferrer\"><img src=\"https:\/\/www.fie.undef.edu.ar\/ceptm\/wp-content\/uploads\/2020\/02\/icono-PDF-1.png\" title=\"Click para descargar\" width=\"40\" height=\"49\" class=\"alignnone size-full wp-image-5168\" \/><\/a><\/td><td class=\"column-2\">MFD 51 05 II Educaci\u00f3n Profesional Militar Art 1023 Relaci\u00f3n con la tecnolog\u00eda.<\/td>\n<\/tr>\n<\/tbody>\n<\/table>\n<!-- #tablepress-2 from cache -->\n","protected":false},"excerpt":{"rendered":"","protected":false},"author":1,"featured_media":0,"parent":0,"menu_order":4,"comment_status":"closed","ping_status":"closed","template":"","meta":[],"_links":{"self":[{"href":"https:\/\/www.fie.undef.edu.ar\/ceptm\/index.php?rest_route=\/wp\/v2\/pages\/5203"}],"collection":[{"href":"https:\/\/www.fie.undef.edu.ar\/ceptm\/index.php?rest_route=\/wp\/v2\/pages"}],"about":[{"href":"https:\/\/www.fie.undef.edu.ar\/ceptm\/index.php?rest_route=\/wp\/v2\/types\/page"}],"author":[{"embeddable":true,"href":"https:\/\/www.fie.undef.edu.ar\/ceptm\/index.php?rest_route=\/wp\/v2\/users\/1"}],"replies":[{"embeddable":true,"href":"https:\/\/www.fie.undef.edu.ar\/ceptm\/index.php?rest_route=%2Fwp%2Fv2%2Fcomments&post=5203"}],"version-history":[{"count":0,"href":"https:\/\/www.fie.undef.edu.ar\/ceptm\/index.php?rest_route=\/wp\/v2\/pages\/5203\/revisions"}],"wp:attachment":[{"href":"https:\/\/www.fie.undef.edu.ar\/ceptm\/index.php?rest_route=%2Fwp%2Fv2%2Fmedia&parent=5203"}],"curies":[{"name":"wp","href":"https:\/\/api.w.org\/{rel}","templated":true}]}}